{"id":1485,"date":"2018-03-09T17:07:11","date_gmt":"2018-03-09T16:07:11","guid":{"rendered":"http:\/\/www.arcomountainguide.com\/termini-condizioni-guide-alpine-trentino\/"},"modified":"2024-03-20T09:42:30","modified_gmt":"2024-03-20T08:42:30","slug":"allgemeine-geschaftsbedingungen-bergfuehrer-arco","status":"publish","type":"page","link":"https:\/\/www.arcomountainguide.com\/de\/allgemeine-geschaftsbedingungen-bergfuehrer-arco\/","title":{"rendered":"Termini e condizioni"},"content":{"rendered":"<p>Mit der Registrierung f\u00fcr die vorgeschlagenen Aktivit\u00e4ten akzeptierst du die folgenden Bedingungen und Konditionen.<\/p>\n<h2>Verantwortlichkeiten<\/h2>\n<p>Bergf\u00fchrer f\u00fchren einen Gro\u00dfteil ihrer Aktivit\u00e4ten in gef\u00e4hrlicher Umgebung aus.<br \/>\nSelbst mit der Unterst\u00fctzung eines qualifizierten, sehr erfahrenen Bergf\u00fchrers, k\u00f6nnen w\u00e4hrend der Aktivit\u00e4t Risiken oder Gefahren auftreten.\u00a0 Mit der Registrierung best\u00e4tigt ihr, dass ihr \u00fcber diese Risiken und Gefahren informiert seid. Ihr verzichtet au\u00dferdem auf jegliche Schadensersatzanspr\u00fcche und ihr \u00fcbertragt keinerlei Verantwortung auf den Bergf\u00fchrer.<\/p>\n<h2>Versicherungen<\/h2>\n<p>Der Bergf\u00fchrer verf\u00fcgt \u00fcber eine Haftpflichtversicherung.<br \/>\nUnsere Tarife inkludieren keine Versicherung f\u00fcr den Kunden.<\/p>\n<h2>Preise<\/h2>\n<p>Die Preise beziehen sich auf eine Person. Im Preis inbegriffen ist die Provision f\u00fcr den Bergf\u00fchrer und den Gebrauch der Ausr\u00fcstung.<br \/>\nAlles, was nicht speziell genannt und zum Zeitpunkt der Registrierung bereits fest vereinbart wurde, ist nicht im Preis inbegriffen.<\/p>\n<h2>Mindestteilnehmerzahl<\/h2>\n<p>Einige Kurse oder Exkursionen k\u00f6nnen nur durchgef\u00fchrt werden, wenn eine Mindestteilnehmerzahl erreicht wird.<\/p>\n<h2>Variationen des Programms<\/h2>\n<p>Der Bergf\u00fchrer kann das Programm oder die Reiseroute jederzeit nach eigenem Ermessen \u00e4ndern, wenn die Sicherheits- oder Wetterbedingungen, oder die unzureichenden F\u00e4higkeiten der Kunden dies notwendig machen.<br \/>\nDer Bergf\u00fchrer kann entscheiden, dass der Kunde\/die Kundin nicht in der Lage ist, an der Aktivit\u00e4t teilzunehmen oder sie fortzusetzen, weil er\/sie nicht die n\u00f6tige Kleidung oder Ausr\u00fcstung hat oder nicht \u00fcber die n\u00f6tige k\u00f6rperliche Vorbereitung verf\u00fcgt: zum Beispiel hat er\/sie nicht die richtigen Schuhe zum Canyoning oder Wandern oder geht zu langsam, um das Ziel rechtzeitig und sicher zu erreichen. In allen oben genannten F\u00e4llen &#8211; ungeeignete Kleidung, Schuhe, Rucksack usw., unzureichende k\u00f6rperliche Vorbereitung, Schwindelgef\u00fchl, langsamer oder unsicherer Gang &#8211; wird keine R\u00fcckerstattung des Tickets oder der Kaution gew\u00e4hrt.<br \/>\nDie Kunden m\u00fcssen sich 10 Minuten vor dem Termin am Treffpunkt einfinden. Kunden, die mehr als 5 Minuten zu sp\u00e4t kommen, werden vom Bergf\u00fchrer nicht gewartet. F\u00fcr Kunden, die nicht zum Treffpunkt erscheinen oder mehr als 5 Minuten zu sp\u00e4t kommen, wird keine R\u00fcckerstattung gew\u00e4hrt.<br \/>\nDie geplante Aktivit\u00e4t kann jederzeit aufgrund von Wetter- oder Sicherheitsbedingungen abgesagt werden. Der Bergf\u00fchrer entscheidet, ob und wann die Aktivit\u00e4t aufgrund unsicherer Wetter- oder Umweltprognosen abgesagt wird. Nur in diesem Fall wird die Aktivit\u00e4t auf ein neues Datum verschoben oder es wird ein Gutschein oder eine R\u00fcckerstattung ausgestellt. Es gibt keine R\u00fcckerstattung im Falle einer Stornierung der Reservierung durch den Kunden, aus welchem Grund auch immer, auch wenn eine lange Zeit im Voraus mitgeteilt.<br \/>\nWenn der Kunde\/die Kundin beschlie\u00dft, nicht teilzunehmen, weil er\/sie die Wettervorhersage oder die Wetterbedingungen zu diesem Zeitpunkt f\u00fcr ungeeignet h\u00e4lt, wird keine R\u00fcckzahlung gew\u00e4hrt. Nur die Annullierung durch den Fremdenf\u00fchrer ist f\u00fcr eine R\u00fcckerstattung, einen Gutschein oder einen neuen Termin g\u00fcltig.<br \/>\nDer Bergf\u00fchrer ist nicht verantwortlich f\u00fcr Gegenst\u00e4nde, die im Auto oder Van des Bergf\u00fchrers zur\u00fcckgelassen werden. Der Bergf\u00fchrer haftet nicht f\u00fcr Kleidungsst\u00fccke, die der Kunde w\u00e4hrend der Aktivit\u00e4t benutzt, z.B. Fotoapparate, Ringe, Uhren, Ohrringe, Mobiltelefone, Geldb\u00f6rsen, w\u00e4hrend Canyoning-, Klettersteig-, Klettersteig-, Wanderaktivit\u00e4ten.<\/p>\n<p>&nbsp;<\/p>\n<h2>Registrierung und Best\u00e4tigung der Buchung<\/h2>\n<p>Die Registrierung, auch die m\u00fcndliche, umfasst die Zustimmung aller oben aufgelisteten Bedingungen und Konditionen. Die Registrierung f\u00fcr einige festgelegte Aktivit\u00e4ten, wie z.B. Kletterkurse oder mehrt\u00e4gige Bergtouren wird erst nach der Bezahlung der Anmeldegeb\u00fchr als g\u00fcltig angesehen.<\/p>\n<p>&nbsp;<\/p>\n<h2>Foto- und Videoaufnahmen<\/h2>\n<p>Indem Sie die Allgemeinen Gesch\u00e4ftsbedingungen akzeptieren, erkl\u00e4ren Sie, dass Sie Kenntnis davon haben, dass die Organisation im Laufe der Aktivit\u00e4t Fotos und Videos zu Werbe- und\/oder Verkaufsf\u00f6rderungszwecken machen kann, und Sie\u00a0 Herrn Gino Malfer,\u00a0 erm\u00e4chtigen kostenlos und ohne zeitliche Begrenzung, auch im Sinne der Artikel 10 und 320 des B\u00fcrgerlichen Gesetzbuches sowie der Artikel 96 und 97 des Gesetzes 22.4.1941, Nr. 633 und sp\u00e4terer \u00c4nderungen und Erg\u00e4nzungen, ihre Bilder in jeder Form auf der Website www.arcomountainguide.com zu ver\u00f6ffentlichen und\/oder zu verbreiten. Ebenso in sozialen Netzwerken, die mit der Aktivit\u00e4t in Verbindung stehen, in gedruckten Medien und\/oder anderen Kommunikationsmitteln zu ver\u00f6ffentlichen, sowie die Erlaubnis zu erteilen, die Fotos und Videos in seinen Computerarchiven aufzubewahren und anzuerkennen, dass der Zweck dieser Ver\u00f6ffentlichungen rein informativ und m\u00f6glicherweise werblich ist.<\/p>\n<p>Sie k\u00f6nnen Ihre Genehmigung durch eine schriftliche Mitteilung per Post oder per E-Mail an info@arcomountainguide.com widerrufen.<\/p>\n","protected":false},"excerpt":{"rendered":"<p>Mit der Registrierung f\u00fcr die vorgeschlagenen Aktivit\u00e4ten akzeptierst du die folgenden Bedingungen und Konditionen. Verantwortlichkeiten Bergf\u00fchrer f\u00fchren einen Gro\u00dfteil ihrer Aktivit\u00e4ten in gef\u00e4hrlicher Umgebung aus. Selbst mit der Unterst\u00fctzung eines qualifizierten, sehr erfahrenen Bergf\u00fchrers, k\u00f6nnen w\u00e4hrend der Aktivit\u00e4t Risiken oder Gefahren auftreten.\u00a0 Mit der Registrierung best\u00e4tigt ihr, dass ihr \u00fcber diese Risiken und Gefahren informiert&hellip;<\/p>\n","protected":false},"author":1,"featured_media":0,"parent":0,"menu_order":0,"comment_status":"closed","ping_status":"closed","template":"","meta":{"_acf_changed":false,"footnotes":""},"class_list":["post-1485","page","type-page","status-publish","hentry"],"acf":[],"yoast_head":"<!-- This site is optimized with the Yoast SEO plugin v27.0 - https:\/\/yoast.com\/product\/yoast-seo-wordpress\/ -->\n<title>Allgemeine Gesch\u00e4ftsbedingungen von Arco Mountain Guide, am Gardasee<\/title>\n<meta name=\"description\" content=\"Lies unsere Allgemeinen Gesch\u00e4ftsbedingungen: Verantwortlichkeit, Versicherung, Registrierung von Kursen und Exkursionen, Preise und Buchung.\" \/>\n<meta name=\"robots\" content=\"index, follow, max-snippet:-1, max-image-preview:large, max-video-preview:-1\" \/>\n<link rel=\"canonical\" href=\"https:\/\/www.arcomountainguide.com\/de\/allgemeine-geschaftsbedingungen-bergfuehrer-arco\/\" \/>\n<meta property=\"og:locale\" content=\"de_DE\" \/>\n<meta property=\"og:type\" content=\"article\" \/>\n<meta property=\"og:title\" content=\"Allgemeine Gesch\u00e4ftsbedingungen von Arco Mountain Guide, am Gardasee\" \/>\n<meta property=\"og:description\" content=\"Lies unsere Allgemeinen Gesch\u00e4ftsbedingungen: Verantwortlichkeit, Versicherung, Registrierung von Kursen und Exkursionen, Preise und Buchung.\" \/>\n<meta property=\"og:url\" content=\"https:\/\/www.arcomountainguide.com\/de\/allgemeine-geschaftsbedingungen-bergfuehrer-arco\/\" \/>\n<meta property=\"og:site_name\" content=\"Arco Mountain Guide\" \/>\n<meta property=\"article:publisher\" content=\"https:\/\/www.facebook.com\/arcomountainguide\/\" \/>\n<meta property=\"article:modified_time\" content=\"2024-03-20T08:42:30+00:00\" \/>\n<meta property=\"og:image\" content=\"https:\/\/www.arcomountainguide.com\/wp-content\/uploads\/2018\/01\/01_via-ferrata-cima-capi-lake-garda-gardasee.jpg\" \/>\n\t<meta property=\"og:image:width\" content=\"1400\" \/>\n\t<meta property=\"og:image:height\" content=\"877\" \/>\n\t<meta property=\"og:image:type\" content=\"image\/jpeg\" \/>\n<meta name=\"twitter:card\" content=\"summary_large_image\" \/>\n<meta name=\"twitter:label1\" content=\"Gesch\u00e4tzte Lesezeit\" \/>\n\t<meta name=\"twitter:data1\" content=\"3\u00a0Minuten\" \/>\n<script type=\"application\/ld+json\" class=\"yoast-schema-graph\">{\"@context\":\"https:\/\/schema.org\",\"@graph\":[{\"@type\":\"WebPage\",\"@id\":\"https:\/\/www.arcomountainguide.com\/de\/allgemeine-geschaftsbedingungen-bergfuehrer-arco\/\",\"url\":\"https:\/\/www.arcomountainguide.com\/de\/allgemeine-geschaftsbedingungen-bergfuehrer-arco\/\",\"name\":\"Allgemeine Gesch\u00e4ftsbedingungen von Arco Mountain Guide, am Gardasee\",\"isPartOf\":{\"@id\":\"https:\/\/www.arcomountainguide.com\/de\/#website\"},\"datePublished\":\"2018-03-09T16:07:11+00:00\",\"dateModified\":\"2024-03-20T08:42:30+00:00\",\"description\":\"Lies unsere Allgemeinen Gesch\u00e4ftsbedingungen: Verantwortlichkeit, Versicherung, Registrierung von Kursen und Exkursionen, Preise und Buchung.\",\"breadcrumb\":{\"@id\":\"https:\/\/www.arcomountainguide.com\/de\/allgemeine-geschaftsbedingungen-bergfuehrer-arco\/#breadcrumb\"},\"inLanguage\":\"de\",\"potentialAction\":[{\"@type\":\"ReadAction\",\"target\":[\"https:\/\/www.arcomountainguide.com\/de\/allgemeine-geschaftsbedingungen-bergfuehrer-arco\/\"]}]},{\"@type\":\"BreadcrumbList\",\"@id\":\"https:\/\/www.arcomountainguide.com\/de\/allgemeine-geschaftsbedingungen-bergfuehrer-arco\/#breadcrumb\",\"itemListElement\":[{\"@type\":\"ListItem\",\"position\":1,\"name\":\"Home\",\"item\":\"https:\/\/www.arcomountainguide.com\/de\/\"},{\"@type\":\"ListItem\",\"position\":2,\"name\":\"Termini e condizioni\"}]},{\"@type\":\"WebSite\",\"@id\":\"https:\/\/www.arcomountainguide.com\/de\/#website\",\"url\":\"https:\/\/www.arcomountainguide.com\/de\/\",\"name\":\"Arco Mountain Guide\",\"description\":\"Guida alpina Lago di Garda\",\"potentialAction\":[{\"@type\":\"SearchAction\",\"target\":{\"@type\":\"EntryPoint\",\"urlTemplate\":\"https:\/\/www.arcomountainguide.com\/de\/?s={search_term_string}\"},\"query-input\":{\"@type\":\"PropertyValueSpecification\",\"valueRequired\":true,\"valueName\":\"search_term_string\"}}],\"inLanguage\":\"de\"}]}<\/script>\n<!-- \/ Yoast SEO plugin. -->","yoast_head_json":{"title":"Allgemeine Gesch\u00e4ftsbedingungen von Arco Mountain Guide, am Gardasee","description":"Lies unsere Allgemeinen Gesch\u00e4ftsbedingungen: Verantwortlichkeit, Versicherung, Registrierung von Kursen und Exkursionen, Preise und Buchung.","robots":{"index":"index","follow":"follow","max-snippet":"max-snippet:-1","max-image-preview":"max-image-preview:large","max-video-preview":"max-video-preview:-1"},"canonical":"https:\/\/www.arcomountainguide.com\/de\/allgemeine-geschaftsbedingungen-bergfuehrer-arco\/","og_locale":"de_DE","og_type":"article","og_title":"Allgemeine Gesch\u00e4ftsbedingungen von Arco Mountain Guide, am Gardasee","og_description":"Lies unsere Allgemeinen Gesch\u00e4ftsbedingungen: Verantwortlichkeit, Versicherung, Registrierung von Kursen und Exkursionen, Preise und Buchung.","og_url":"https:\/\/www.arcomountainguide.com\/de\/allgemeine-geschaftsbedingungen-bergfuehrer-arco\/","og_site_name":"Arco Mountain Guide","article_publisher":"https:\/\/www.facebook.com\/arcomountainguide\/","article_modified_time":"2024-03-20T08:42:30+00:00","og_image":[{"width":1400,"height":877,"url":"https:\/\/www.arcomountainguide.com\/wp-content\/uploads\/2018\/01\/01_via-ferrata-cima-capi-lake-garda-gardasee.jpg","type":"image\/jpeg"}],"twitter_card":"summary_large_image","twitter_misc":{"Gesch\u00e4tzte Lesezeit":"3\u00a0Minuten"},"schema":{"@context":"https:\/\/schema.org","@graph":[{"@type":"WebPage","@id":"https:\/\/www.arcomountainguide.com\/de\/allgemeine-geschaftsbedingungen-bergfuehrer-arco\/","url":"https:\/\/www.arcomountainguide.com\/de\/allgemeine-geschaftsbedingungen-bergfuehrer-arco\/","name":"Allgemeine Gesch\u00e4ftsbedingungen von Arco Mountain Guide, am Gardasee","isPartOf":{"@id":"https:\/\/www.arcomountainguide.com\/de\/#website"},"datePublished":"2018-03-09T16:07:11+00:00","dateModified":"2024-03-20T08:42:30+00:00","description":"Lies unsere Allgemeinen Gesch\u00e4ftsbedingungen: Verantwortlichkeit, Versicherung, Registrierung von Kursen und Exkursionen, Preise und Buchung.","breadcrumb":{"@id":"https:\/\/www.arcomountainguide.com\/de\/allgemeine-geschaftsbedingungen-bergfuehrer-arco\/#breadcrumb"},"inLanguage":"de","potentialAction":[{"@type":"ReadAction","target":["https:\/\/www.arcomountainguide.com\/de\/allgemeine-geschaftsbedingungen-bergfuehrer-arco\/"]}]},{"@type":"BreadcrumbList","@id":"https:\/\/www.arcomountainguide.com\/de\/allgemeine-geschaftsbedingungen-bergfuehrer-arco\/#breadcrumb","itemListElement":[{"@type":"ListItem","position":1,"name":"Home","item":"https:\/\/www.arcomountainguide.com\/de\/"},{"@type":"ListItem","position":2,"name":"Termini e condizioni"}]},{"@type":"WebSite","@id":"https:\/\/www.arcomountainguide.com\/de\/#website","url":"https:\/\/www.arcomountainguide.com\/de\/","name":"Arco Mountain Guide","description":"Guida alpina Lago di Garda","potentialAction":[{"@type":"SearchAction","target":{"@type":"EntryPoint","urlTemplate":"https:\/\/www.arcomountainguide.com\/de\/?s={search_term_string}"},"query-input":{"@type":"PropertyValueSpecification","valueRequired":true,"valueName":"search_term_string"}}],"inLanguage":"de"}]}},"_links":{"self":[{"href":"https:\/\/www.arcomountainguide.com\/de\/wp-json\/wp\/v2\/pages\/1485","targetHints":{"allow":["GET"]}}],"collection":[{"href":"https:\/\/www.arcomountainguide.com\/de\/wp-json\/wp\/v2\/pages"}],"about":[{"href":"https:\/\/www.arcomountainguide.com\/de\/wp-json\/wp\/v2\/types\/page"}],"author":[{"embeddable":true,"href":"https:\/\/www.arcomountainguide.com\/de\/wp-json\/wp\/v2\/users\/1"}],"replies":[{"embeddable":true,"href":"https:\/\/www.arcomountainguide.com\/de\/wp-json\/wp\/v2\/comments?post=1485"}],"version-history":[{"count":4,"href":"https:\/\/www.arcomountainguide.com\/de\/wp-json\/wp\/v2\/pages\/1485\/revisions"}],"predecessor-version":[{"id":5033,"href":"https:\/\/www.arcomountainguide.com\/de\/wp-json\/wp\/v2\/pages\/1485\/revisions\/5033"}],"wp:attachment":[{"href":"https:\/\/www.arcomountainguide.com\/de\/wp-json\/wp\/v2\/media?parent=1485"}],"curies":[{"name":"wp","href":"https:\/\/api.w.org\/{rel}","templated":true}]}}