{"id":835,"date":"2018-02-05T21:50:26","date_gmt":"2018-02-05T20:50:26","guid":{"rendered":"http:\/\/www.arcomountainguide.com\/credits\/"},"modified":"2018-05-01T09:30:15","modified_gmt":"2018-05-01T07:30:15","slug":"credits","status":"publish","type":"page","link":"https:\/\/www.arcomountainguide.com\/de\/credits\/","title":{"rendered":"Credits"},"content":{"rendered":"<p>Gino und Giampaolo sind seit \u00fcber 20 Jahren Bergf\u00fchrer und sie sind nach wie vor von der Sch\u00f6nheit der Berge fasziniert. So wie beim ersten Mal verlieben sich t\u00e4glich neu.<\/p>\n<p>Gepr\u00e4gt von den Bergen sind sie authentisch und echt: haben Unmengen zu erz\u00e4hlen, Unmengen zu teilen.<\/p>\n<p>Gino liebt das Klettern und die Arbeit mit Kindern: Er spricht dabei \u00fcber Harmonie und urspr\u00fcngliche Instinkte. Gut und empathisch findet er immer die richtigen Worte.<\/p>\n<p>Giampaolo ist ein gro\u00dfartiger Redner, er hat ein sensibles Auge und geht in die Berge mit seiner Kamera. Bescheiden und liebensw\u00fcrdig; es f\u00fchlt sich nach Leichtigkeit an.<\/p>\n<blockquote><p>Wir kletterten, wanderten, durchquerten Canyons vor und bezwangen einige Klettersteige mit ihnen. Es es ein tolles Gef\u00fchl, Spa\u00df in den Bergen zu haben und sich dabei sicher, verstanden und gut geleitet zu f\u00fchlen. Wir verbrachten auch ganze Nachmittage zusammen an einem Tisch, um ihre Webseite zu optimieren.<\/p><\/blockquote>\n<p>So m\u00f6chten wir sie repr\u00e4sentieren:<\/p>\n<ul>\n<li>Die Farben sind frisch lebendig: Der Ruf nach Aktion, Abenteuer und Spa\u00df;<\/li>\n<li>Die grafischen Elemente rufen mit Schlichtheit die Grundelemente der vorgeschlagenen Aktivit\u00e4ten ab: <span class=\"canyoning\"><a href=\"http:\/\/www.arcomountainguide.com\/de\/sport\/canyoning-gardasee-trentino\/\">das Wasser<\/a><\/span> das in den Canyons flie\u00dft, <span class=\"climbing\"><a href=\"http:\/\/www.arcomountainguide.com\/de\/sport\/klettern-gardasee-arco-trentino\/\">das Seil<\/a><\/span>, das uns Sicherheit beim klettern gibt, <span class=\"via-ferrata\"><a href=\"http:\/\/www.arcomountainguide.com\/de\/sport\/klettersteig-gardasee-trentino-dolomiten\/\">die Drahtseile<\/a><\/span> der Klettersteige, die sich mit B\u00fcgeln oder Leitern abwechseln, die <span class=\"trekking\"><a href=\"http:\/\/www.arcomountainguide.com\/de\/sport\/wandern-exkursionen-gardasee-trentino\/\">Schritte<\/a><\/span> auf einer Trekking Route und <span class=\"alpinismo\"><a href=\"http:\/\/www.arcomountainguide.com\/de\/sport\/bergsteigen-gardasee-arco-trentino\/\">die Gipfel<\/a><\/span>, die beim Bergsteigen bezwungen werden;<\/li>\n<li>Der Kontrast zwischen den Schriftarten Poppins und Work Sans symbolisiert die Sicherheit, die uns nur ein Bergf\u00fchrer geben kann;<\/li>\n<li>Die Texte und Fotos sind nicht nur Action und Abenteuer; sie stellen die Verbindung mit den Bergen her, weil die Natur uns zu besseren Menschen macht.<\/li>\n<\/ul>\n<div class=\"firma\">Saul und Angela<\/div>\n<h3>Inhalt und Aufbau<\/h3>\n<p><a href=\"https:\/\/www.saulsaggin.com\" target=\"_blank\" rel=\"noopener\">Saul Saggin <\/a>und<a href=\"https:\/\/www.saulsaggin.com\" target=\"_blank\" rel=\"noopener\">\u00a0<\/a><a href=\"https:\/\/www.angelatrawoeger.com\" target=\"_blank\" rel=\"noopener\">Angela Trawoeger<\/a><\/p>\n<h3>Konzept und grafischer Entwurf<\/h3>\n<p><a href=\"https:\/\/www.saulsaggin.com\" target=\"_blank\" rel=\"noopener\">Saul Saggin <\/a>und<a href=\"https:\/\/www.saulsaggin.com\" target=\"_blank\" rel=\"noopener\">\u00a0<\/a><a href=\"https:\/\/www.angelatrawoeger.com\" target=\"_blank\" rel=\"noopener\">Angela Trawoeger<\/a><\/p>\n<h3>Texte<\/h3>\n<p><a href=\"https:\/\/www.angelatrawoeger.com\" target=\"_blank\" rel=\"noopener\">Angela Trawoeger<\/a><\/p>\n<h3>Fotos<\/h3>\n<p>Giampaolo Calz\u00e0<br \/>\n<a href=\"https:\/\/www.angelatrawoeger.com\" target=\"_blank\" rel=\"noopener\">Angela Trawoeger<\/a><\/p>\n<h3>Logo<\/h3>\n<p><a href=\"https:\/\/www.studiobiz.it\" target=\"_blank\" rel=\"noopener\">Andrea Floriani<\/a><\/p>\n<h3>Web Design<\/h3>\n<p><a href=\"https:\/\/www.saulsaggin.com\" target=\"_blank\" rel=\"noopener\">Saul Saggin<\/a><\/p>\n","protected":false},"excerpt":{"rendered":"<p>Gino und Giampaolo sind seit \u00fcber 20 Jahren Bergf\u00fchrer und sie sind nach wie vor von der Sch\u00f6nheit der Berge fasziniert. So wie beim ersten Mal verlieben sich t\u00e4glich neu. Gepr\u00e4gt von den Bergen sind sie authentisch und echt: haben Unmengen zu erz\u00e4hlen, Unmengen zu teilen. Gino liebt das Klettern und die Arbeit mit Kindern:&hellip;<\/p>\n","protected":false},"author":1,"featured_media":0,"parent":0,"menu_order":0,"comment_status":"closed","ping_status":"closed","template":"","meta":{"_acf_changed":false,"footnotes":""},"class_list":["post-835","page","type-page","status-publish","hentry"],"acf":[],"yoast_head":"<!-- This site is optimized with the Yoast SEO plugin v27.0 - https:\/\/yoast.com\/product\/yoast-seo-wordpress\/ -->\n<title>Credits - Arco Mountain Guide<\/title>\n<meta name=\"robots\" content=\"index, follow, max-snippet:-1, max-image-preview:large, max-video-preview:-1\" \/>\n<link rel=\"canonical\" href=\"https:\/\/www.arcomountainguide.com\/de\/credits\/\" \/>\n<meta property=\"og:locale\" content=\"de_DE\" \/>\n<meta property=\"og:type\" content=\"article\" \/>\n<meta property=\"og:title\" content=\"Credits - Arco Mountain Guide\" \/>\n<meta property=\"og:description\" content=\"Gino und Giampaolo sind seit \u00fcber 20 Jahren Bergf\u00fchrer und sie sind nach wie vor von der Sch\u00f6nheit der Berge fasziniert. So wie beim ersten Mal verlieben sich t\u00e4glich neu. Gepr\u00e4gt von den Bergen sind sie authentisch und echt: haben Unmengen zu erz\u00e4hlen, Unmengen zu teilen. Gino liebt das Klettern und die Arbeit mit Kindern:&hellip;\" \/>\n<meta property=\"og:url\" content=\"https:\/\/www.arcomountainguide.com\/de\/credits\/\" \/>\n<meta property=\"og:site_name\" content=\"Arco Mountain Guide\" \/>\n<meta property=\"article:publisher\" content=\"https:\/\/www.facebook.com\/arcomountainguide\/\" \/>\n<meta property=\"article:modified_time\" content=\"2018-05-01T07:30:15+00:00\" \/>\n<meta property=\"og:image\" content=\"https:\/\/www.arcomountainguide.com\/wp-content\/uploads\/2018\/01\/01_via-ferrata-cima-capi-lake-garda-gardasee.jpg\" \/>\n\t<meta property=\"og:image:width\" content=\"1400\" \/>\n\t<meta property=\"og:image:height\" content=\"877\" \/>\n\t<meta property=\"og:image:type\" content=\"image\/jpeg\" \/>\n<meta name=\"twitter:card\" content=\"summary_large_image\" \/>\n<meta name=\"twitter:label1\" content=\"Gesch\u00e4tzte Lesezeit\" \/>\n\t<meta name=\"twitter:data1\" content=\"2\u00a0Minuten\" \/>\n<script type=\"application\/ld+json\" class=\"yoast-schema-graph\">{\"@context\":\"https:\/\/schema.org\",\"@graph\":[{\"@type\":\"WebPage\",\"@id\":\"https:\/\/www.arcomountainguide.com\/de\/credits\/\",\"url\":\"https:\/\/www.arcomountainguide.com\/de\/credits\/\",\"name\":\"Credits - Arco Mountain Guide\",\"isPartOf\":{\"@id\":\"https:\/\/www.arcomountainguide.com\/de\/#website\"},\"datePublished\":\"2018-02-05T20:50:26+00:00\",\"dateModified\":\"2018-05-01T07:30:15+00:00\",\"breadcrumb\":{\"@id\":\"https:\/\/www.arcomountainguide.com\/de\/credits\/#breadcrumb\"},\"inLanguage\":\"de\",\"potentialAction\":[{\"@type\":\"ReadAction\",\"target\":[\"https:\/\/www.arcomountainguide.com\/de\/credits\/\"]}]},{\"@type\":\"BreadcrumbList\",\"@id\":\"https:\/\/www.arcomountainguide.com\/de\/credits\/#breadcrumb\",\"itemListElement\":[{\"@type\":\"ListItem\",\"position\":1,\"name\":\"Home\",\"item\":\"https:\/\/www.arcomountainguide.com\/de\/\"},{\"@type\":\"ListItem\",\"position\":2,\"name\":\"Credits\"}]},{\"@type\":\"WebSite\",\"@id\":\"https:\/\/www.arcomountainguide.com\/de\/#website\",\"url\":\"https:\/\/www.arcomountainguide.com\/de\/\",\"name\":\"Arco Mountain Guide\",\"description\":\"Guida alpina Lago di Garda\",\"potentialAction\":[{\"@type\":\"SearchAction\",\"target\":{\"@type\":\"EntryPoint\",\"urlTemplate\":\"https:\/\/www.arcomountainguide.com\/de\/?s={search_term_string}\"},\"query-input\":{\"@type\":\"PropertyValueSpecification\",\"valueRequired\":true,\"valueName\":\"search_term_string\"}}],\"inLanguage\":\"de\"}]}<\/script>\n<!-- \/ Yoast SEO plugin. -->","yoast_head_json":{"title":"Credits - Arco Mountain Guide","robots":{"index":"index","follow":"follow","max-snippet":"max-snippet:-1","max-image-preview":"max-image-preview:large","max-video-preview":"max-video-preview:-1"},"canonical":"https:\/\/www.arcomountainguide.com\/de\/credits\/","og_locale":"de_DE","og_type":"article","og_title":"Credits - Arco Mountain Guide","og_description":"Gino und Giampaolo sind seit \u00fcber 20 Jahren Bergf\u00fchrer und sie sind nach wie vor von der Sch\u00f6nheit der Berge fasziniert. So wie beim ersten Mal verlieben sich t\u00e4glich neu. Gepr\u00e4gt von den Bergen sind sie authentisch und echt: haben Unmengen zu erz\u00e4hlen, Unmengen zu teilen. Gino liebt das Klettern und die Arbeit mit Kindern:&hellip;","og_url":"https:\/\/www.arcomountainguide.com\/de\/credits\/","og_site_name":"Arco Mountain Guide","article_publisher":"https:\/\/www.facebook.com\/arcomountainguide\/","article_modified_time":"2018-05-01T07:30:15+00:00","og_image":[{"width":1400,"height":877,"url":"https:\/\/www.arcomountainguide.com\/wp-content\/uploads\/2018\/01\/01_via-ferrata-cima-capi-lake-garda-gardasee.jpg","type":"image\/jpeg"}],"twitter_card":"summary_large_image","twitter_misc":{"Gesch\u00e4tzte Lesezeit":"2\u00a0Minuten"},"schema":{"@context":"https:\/\/schema.org","@graph":[{"@type":"WebPage","@id":"https:\/\/www.arcomountainguide.com\/de\/credits\/","url":"https:\/\/www.arcomountainguide.com\/de\/credits\/","name":"Credits - Arco Mountain Guide","isPartOf":{"@id":"https:\/\/www.arcomountainguide.com\/de\/#website"},"datePublished":"2018-02-05T20:50:26+00:00","dateModified":"2018-05-01T07:30:15+00:00","breadcrumb":{"@id":"https:\/\/www.arcomountainguide.com\/de\/credits\/#breadcrumb"},"inLanguage":"de","potentialAction":[{"@type":"ReadAction","target":["https:\/\/www.arcomountainguide.com\/de\/credits\/"]}]},{"@type":"BreadcrumbList","@id":"https:\/\/www.arcomountainguide.com\/de\/credits\/#breadcrumb","itemListElement":[{"@type":"ListItem","position":1,"name":"Home","item":"https:\/\/www.arcomountainguide.com\/de\/"},{"@type":"ListItem","position":2,"name":"Credits"}]},{"@type":"WebSite","@id":"https:\/\/www.arcomountainguide.com\/de\/#website","url":"https:\/\/www.arcomountainguide.com\/de\/","name":"Arco Mountain Guide","description":"Guida alpina Lago di Garda","potentialAction":[{"@type":"SearchAction","target":{"@type":"EntryPoint","urlTemplate":"https:\/\/www.arcomountainguide.com\/de\/?s={search_term_string}"},"query-input":{"@type":"PropertyValueSpecification","valueRequired":true,"valueName":"search_term_string"}}],"inLanguage":"de"}]}},"_links":{"self":[{"href":"https:\/\/www.arcomountainguide.com\/de\/wp-json\/wp\/v2\/pages\/835","targetHints":{"allow":["GET"]}}],"collection":[{"href":"https:\/\/www.arcomountainguide.com\/de\/wp-json\/wp\/v2\/pages"}],"about":[{"href":"https:\/\/www.arcomountainguide.com\/de\/wp-json\/wp\/v2\/types\/page"}],"author":[{"embeddable":true,"href":"https:\/\/www.arcomountainguide.com\/de\/wp-json\/wp\/v2\/users\/1"}],"replies":[{"embeddable":true,"href":"https:\/\/www.arcomountainguide.com\/de\/wp-json\/wp\/v2\/comments?post=835"}],"version-history":[{"count":4,"href":"https:\/\/www.arcomountainguide.com\/de\/wp-json\/wp\/v2\/pages\/835\/revisions"}],"predecessor-version":[{"id":1811,"href":"https:\/\/www.arcomountainguide.com\/de\/wp-json\/wp\/v2\/pages\/835\/revisions\/1811"}],"wp:attachment":[{"href":"https:\/\/www.arcomountainguide.com\/de\/wp-json\/wp\/v2\/media?parent=835"}],"curies":[{"name":"wp","href":"https:\/\/api.w.org\/{rel}","templated":true}]}}