{"id":838,"date":"2018-01-04T23:09:30","date_gmt":"2018-01-04T22:09:30","guid":{"rendered":"http:\/\/www.arcomountainguide.com\/scuole\/"},"modified":"2018-04-02T12:07:35","modified_gmt":"2018-04-02T10:07:35","slug":"sport-outdoor-programme-gruppen-schule-gardasee","status":"publish","type":"page","link":"https:\/\/www.arcomountainguide.com\/de\/sport-outdoor-programme-gruppen-schule-gardasee\/","title":{"rendered":"Schule"},"content":{"rendered":"<p>Ich bin von CONI als \u201cInstruktor f\u00fcr Kinder\u201d zertifiziert und als Instruktor und Planer f\u00fcr FASI. Dar\u00fcber hinaus bin ich Erzieher und zertifizierter Bergf\u00fchrer. Ich liebe es, Kinder aus dem Klassenzimmer rauszuholen, damit sie sich mit sich selbst konfrontieren. Es ist sch\u00f6n, zu beobachten, wie sie sich selbst entdecken und was sie brauchen, um ihr Wohlbefinden zu steigern. So wird Sport zum p\u00e4dagogischen Werkzeug, das die Gruppe wieder ins Gleichgewicht bringen und individuelle, zu l\u00f6sende Probleme ans Licht bringen kann.<\/p>\n<p>Seit vielen Jahren arbeite ich bereits mit Schulen zusammen und organisiere Outdoor-Aktivit\u00e4ten wie <span class=\"canyoning\"><a href=\"http:\/\/www.arcomountainguide.com\/de\/sport\/canyoning-gardasee-trentino\/\">Canyoning<\/a><\/span>, <span class=\"via-ferrata\"><a href=\"http:\/\/www.arcomountainguide.com\/de\/sport\/klettersteig-gardasee-trentino-dolomiten\/\">Klettersteige<\/a><\/span>, <span class=\"climbing\"><a href=\"http:\/\/www.arcomountainguide.com\/de\/sport\/klettern-gardasee-arco-trentino\/\">Klettern<\/a><\/span> und <span class=\"trekking\"><a href=\"http:\/\/www.arcomountainguide.com\/de\/sport\/schneeschuh-wandern-trentino-dolomiten-gardasee\/\">Schneeschuhwandern<\/a><\/span>. Drau\u00dfen in vertikaler Umgebung zu sein, hat positive k\u00f6rperliche und mentale Auswirkungen f\u00fcr jeden einzelnen und auch f\u00fcr die ganze Gruppe.<\/p>\n<blockquote><p>Die Kinder lernen, in der Gruppe zu arbeiten und ihren Mitstreitern unter Ber\u00fccksichtigung ihrer eigenen individuellen \u00c4ngste zu vertrauen. Sie sind zum Mitspielen gezwungen.<\/p><\/blockquote>\n<p>Die Aktivit\u00e4ten sind auch besonders gut auf Probleme mit undisziplinierten Kinder oder Mobbing abgestimmt. Ein strukturiertes Programm mit Bildungszielen kann ein Gleichgewicht in die Gruppe bringen und das Verh\u00e4ltnis untereinander verbessern.<\/p>\n","protected":false},"excerpt":{"rendered":"<p>Ich bin von CONI als \u201cInstruktor f\u00fcr Kinder\u201d zertifiziert und als Instruktor und Planer f\u00fcr FASI. Dar\u00fcber hinaus bin ich Erzieher und zertifizierter Bergf\u00fchrer. Ich liebe es, Kinder aus dem Klassenzimmer rauszuholen, damit sie sich mit sich selbst konfrontieren. Es ist sch\u00f6n, zu beobachten, wie sie sich selbst entdecken und was sie brauchen, um ihr&hellip;<\/p>\n","protected":false},"author":1,"featured_media":1171,"parent":0,"menu_order":0,"comment_status":"closed","ping_status":"closed","template":"","meta":{"_acf_changed":false,"footnotes":""},"class_list":["post-838","page","type-page","status-publish","has-post-thumbnail","hentry"],"acf":[],"yoast_head":"<!-- This site is optimized with the Yoast SEO plugin v27.0 - https:\/\/yoast.com\/product\/yoast-seo-wordpress\/ -->\n<title>Outdoorsport f\u00fcr Schulen am Gardasee: Schulungsprogramme f\u00fcr Schulkinder<\/title>\n<meta name=\"description\" content=\"Ich organisiere und formuliere Schulungsprogramme f\u00fcr Outdoorsport-Aktivit\u00e4ten am Gardasee f\u00fcr die Kinder deiner Klasse.\" \/>\n<meta name=\"robots\" content=\"index, follow, max-snippet:-1, max-image-preview:large, max-video-preview:-1\" \/>\n<link rel=\"canonical\" href=\"https:\/\/www.arcomountainguide.com\/de\/sport-outdoor-programme-gruppen-schule-gardasee\/\" \/>\n<meta property=\"og:locale\" content=\"de_DE\" \/>\n<meta property=\"og:type\" content=\"article\" \/>\n<meta property=\"og:title\" content=\"Outdoorsport f\u00fcr Schulen am Gardasee: Schulungsprogramme f\u00fcr Schulkinder\" \/>\n<meta property=\"og:description\" content=\"Ich organisiere und formuliere Schulungsprogramme f\u00fcr Outdoorsport-Aktivit\u00e4ten am Gardasee f\u00fcr die Kinder deiner Klasse.\" \/>\n<meta property=\"og:url\" content=\"https:\/\/www.arcomountainguide.com\/de\/sport-outdoor-programme-gruppen-schule-gardasee\/\" \/>\n<meta property=\"og:site_name\" content=\"Arco Mountain Guide\" \/>\n<meta property=\"article:publisher\" content=\"https:\/\/www.facebook.com\/arcomountainguide\/\" \/>\n<meta property=\"article:modified_time\" content=\"2018-04-02T10:07:35+00:00\" \/>\n<meta property=\"og:image\" content=\"https:\/\/www.arcomountainguide.com\/wp-content\/uploads\/2018\/03\/arrampicata-gruppi-scuola-lago-garda.jpg\" \/>\n\t<meta property=\"og:image:width\" content=\"1600\" \/>\n\t<meta property=\"og:image:height\" content=\"650\" \/>\n\t<meta property=\"og:image:type\" content=\"image\/jpeg\" \/>\n<meta name=\"twitter:card\" content=\"summary_large_image\" \/>\n<meta name=\"twitter:label1\" content=\"Gesch\u00e4tzte Lesezeit\" \/>\n\t<meta name=\"twitter:data1\" content=\"1\u00a0Minute\" \/>\n<script type=\"application\/ld+json\" class=\"yoast-schema-graph\">{\"@context\":\"https:\/\/schema.org\",\"@graph\":[{\"@type\":\"WebPage\",\"@id\":\"https:\/\/www.arcomountainguide.com\/de\/sport-outdoor-programme-gruppen-schule-gardasee\/\",\"url\":\"https:\/\/www.arcomountainguide.com\/de\/sport-outdoor-programme-gruppen-schule-gardasee\/\",\"name\":\"Outdoorsport f\u00fcr Schulen am Gardasee: Schulungsprogramme f\u00fcr Schulkinder\",\"isPartOf\":{\"@id\":\"https:\/\/www.arcomountainguide.com\/de\/#website\"},\"primaryImageOfPage\":{\"@id\":\"https:\/\/www.arcomountainguide.com\/de\/sport-outdoor-programme-gruppen-schule-gardasee\/#primaryimage\"},\"image\":{\"@id\":\"https:\/\/www.arcomountainguide.com\/de\/sport-outdoor-programme-gruppen-schule-gardasee\/#primaryimage\"},\"thumbnailUrl\":\"https:\/\/www.arcomountainguide.com\/wp-content\/uploads\/2018\/03\/arrampicata-gruppi-scuola-lago-garda.jpg\",\"datePublished\":\"2018-01-04T22:09:30+00:00\",\"dateModified\":\"2018-04-02T10:07:35+00:00\",\"description\":\"Ich organisiere und formuliere Schulungsprogramme f\u00fcr Outdoorsport-Aktivit\u00e4ten am Gardasee f\u00fcr die Kinder deiner Klasse.\",\"breadcrumb\":{\"@id\":\"https:\/\/www.arcomountainguide.com\/de\/sport-outdoor-programme-gruppen-schule-gardasee\/#breadcrumb\"},\"inLanguage\":\"de\",\"potentialAction\":[{\"@type\":\"ReadAction\",\"target\":[\"https:\/\/www.arcomountainguide.com\/de\/sport-outdoor-programme-gruppen-schule-gardasee\/\"]}]},{\"@type\":\"ImageObject\",\"inLanguage\":\"de\",\"@id\":\"https:\/\/www.arcomountainguide.com\/de\/sport-outdoor-programme-gruppen-schule-gardasee\/#primaryimage\",\"url\":\"https:\/\/www.arcomountainguide.com\/wp-content\/uploads\/2018\/03\/arrampicata-gruppi-scuola-lago-garda.jpg\",\"contentUrl\":\"https:\/\/www.arcomountainguide.com\/wp-content\/uploads\/2018\/03\/arrampicata-gruppi-scuola-lago-garda.jpg\",\"width\":1600,\"height\":650,\"caption\":\"Arrampicata gruppi scuola Lago di Garda\"},{\"@type\":\"BreadcrumbList\",\"@id\":\"https:\/\/www.arcomountainguide.com\/de\/sport-outdoor-programme-gruppen-schule-gardasee\/#breadcrumb\",\"itemListElement\":[{\"@type\":\"ListItem\",\"position\":1,\"name\":\"Home\",\"item\":\"https:\/\/www.arcomountainguide.com\/de\/\"},{\"@type\":\"ListItem\",\"position\":2,\"name\":\"Schule\"}]},{\"@type\":\"WebSite\",\"@id\":\"https:\/\/www.arcomountainguide.com\/de\/#website\",\"url\":\"https:\/\/www.arcomountainguide.com\/de\/\",\"name\":\"Arco Mountain Guide\",\"description\":\"Guida alpina Lago di Garda\",\"potentialAction\":[{\"@type\":\"SearchAction\",\"target\":{\"@type\":\"EntryPoint\",\"urlTemplate\":\"https:\/\/www.arcomountainguide.com\/de\/?s={search_term_string}\"},\"query-input\":{\"@type\":\"PropertyValueSpecification\",\"valueRequired\":true,\"valueName\":\"search_term_string\"}}],\"inLanguage\":\"de\"}]}<\/script>\n<!-- \/ Yoast SEO plugin. -->","yoast_head_json":{"title":"Outdoorsport f\u00fcr Schulen am Gardasee: Schulungsprogramme f\u00fcr Schulkinder","description":"Ich organisiere und formuliere Schulungsprogramme f\u00fcr Outdoorsport-Aktivit\u00e4ten am Gardasee f\u00fcr die Kinder deiner Klasse.","robots":{"index":"index","follow":"follow","max-snippet":"max-snippet:-1","max-image-preview":"max-image-preview:large","max-video-preview":"max-video-preview:-1"},"canonical":"https:\/\/www.arcomountainguide.com\/de\/sport-outdoor-programme-gruppen-schule-gardasee\/","og_locale":"de_DE","og_type":"article","og_title":"Outdoorsport f\u00fcr Schulen am Gardasee: Schulungsprogramme f\u00fcr Schulkinder","og_description":"Ich organisiere und formuliere Schulungsprogramme f\u00fcr Outdoorsport-Aktivit\u00e4ten am Gardasee f\u00fcr die Kinder deiner Klasse.","og_url":"https:\/\/www.arcomountainguide.com\/de\/sport-outdoor-programme-gruppen-schule-gardasee\/","og_site_name":"Arco Mountain Guide","article_publisher":"https:\/\/www.facebook.com\/arcomountainguide\/","article_modified_time":"2018-04-02T10:07:35+00:00","og_image":[{"width":1600,"height":650,"url":"https:\/\/www.arcomountainguide.com\/wp-content\/uploads\/2018\/03\/arrampicata-gruppi-scuola-lago-garda.jpg","type":"image\/jpeg"}],"twitter_card":"summary_large_image","twitter_misc":{"Gesch\u00e4tzte Lesezeit":"1\u00a0Minute"},"schema":{"@context":"https:\/\/schema.org","@graph":[{"@type":"WebPage","@id":"https:\/\/www.arcomountainguide.com\/de\/sport-outdoor-programme-gruppen-schule-gardasee\/","url":"https:\/\/www.arcomountainguide.com\/de\/sport-outdoor-programme-gruppen-schule-gardasee\/","name":"Outdoorsport f\u00fcr Schulen am Gardasee: Schulungsprogramme f\u00fcr Schulkinder","isPartOf":{"@id":"https:\/\/www.arcomountainguide.com\/de\/#website"},"primaryImageOfPage":{"@id":"https:\/\/www.arcomountainguide.com\/de\/sport-outdoor-programme-gruppen-schule-gardasee\/#primaryimage"},"image":{"@id":"https:\/\/www.arcomountainguide.com\/de\/sport-outdoor-programme-gruppen-schule-gardasee\/#primaryimage"},"thumbnailUrl":"https:\/\/www.arcomountainguide.com\/wp-content\/uploads\/2018\/03\/arrampicata-gruppi-scuola-lago-garda.jpg","datePublished":"2018-01-04T22:09:30+00:00","dateModified":"2018-04-02T10:07:35+00:00","description":"Ich organisiere und formuliere Schulungsprogramme f\u00fcr Outdoorsport-Aktivit\u00e4ten am Gardasee f\u00fcr die Kinder deiner Klasse.","breadcrumb":{"@id":"https:\/\/www.arcomountainguide.com\/de\/sport-outdoor-programme-gruppen-schule-gardasee\/#breadcrumb"},"inLanguage":"de","potentialAction":[{"@type":"ReadAction","target":["https:\/\/www.arcomountainguide.com\/de\/sport-outdoor-programme-gruppen-schule-gardasee\/"]}]},{"@type":"ImageObject","inLanguage":"de","@id":"https:\/\/www.arcomountainguide.com\/de\/sport-outdoor-programme-gruppen-schule-gardasee\/#primaryimage","url":"https:\/\/www.arcomountainguide.com\/wp-content\/uploads\/2018\/03\/arrampicata-gruppi-scuola-lago-garda.jpg","contentUrl":"https:\/\/www.arcomountainguide.com\/wp-content\/uploads\/2018\/03\/arrampicata-gruppi-scuola-lago-garda.jpg","width":1600,"height":650,"caption":"Arrampicata gruppi scuola Lago di Garda"},{"@type":"BreadcrumbList","@id":"https:\/\/www.arcomountainguide.com\/de\/sport-outdoor-programme-gruppen-schule-gardasee\/#breadcrumb","itemListElement":[{"@type":"ListItem","position":1,"name":"Home","item":"https:\/\/www.arcomountainguide.com\/de\/"},{"@type":"ListItem","position":2,"name":"Schule"}]},{"@type":"WebSite","@id":"https:\/\/www.arcomountainguide.com\/de\/#website","url":"https:\/\/www.arcomountainguide.com\/de\/","name":"Arco Mountain Guide","description":"Guida alpina Lago di Garda","potentialAction":[{"@type":"SearchAction","target":{"@type":"EntryPoint","urlTemplate":"https:\/\/www.arcomountainguide.com\/de\/?s={search_term_string}"},"query-input":{"@type":"PropertyValueSpecification","valueRequired":true,"valueName":"search_term_string"}}],"inLanguage":"de"}]}},"_links":{"self":[{"href":"https:\/\/www.arcomountainguide.com\/de\/wp-json\/wp\/v2\/pages\/838","targetHints":{"allow":["GET"]}}],"collection":[{"href":"https:\/\/www.arcomountainguide.com\/de\/wp-json\/wp\/v2\/pages"}],"about":[{"href":"https:\/\/www.arcomountainguide.com\/de\/wp-json\/wp\/v2\/types\/page"}],"author":[{"embeddable":true,"href":"https:\/\/www.arcomountainguide.com\/de\/wp-json\/wp\/v2\/users\/1"}],"replies":[{"embeddable":true,"href":"https:\/\/www.arcomountainguide.com\/de\/wp-json\/wp\/v2\/comments?post=838"}],"version-history":[{"count":8,"href":"https:\/\/www.arcomountainguide.com\/de\/wp-json\/wp\/v2\/pages\/838\/revisions"}],"predecessor-version":[{"id":1580,"href":"https:\/\/www.arcomountainguide.com\/de\/wp-json\/wp\/v2\/pages\/838\/revisions\/1580"}],"wp:featuredmedia":[{"embeddable":true,"href":"https:\/\/www.arcomountainguide.com\/de\/wp-json\/wp\/v2\/media\/1171"}],"wp:attachment":[{"href":"https:\/\/www.arcomountainguide.com\/de\/wp-json\/wp\/v2\/media?parent=838"}],"curies":[{"name":"wp","href":"https:\/\/api.w.org\/{rel}","templated":true}]}}