{"id":843,"date":"2018-01-04T22:56:46","date_gmt":"2018-01-04T21:56:46","guid":{"rendered":"http:\/\/www.arcomountainguide.com\/famiglie\/"},"modified":"2019-05-12T21:42:01","modified_gmt":"2019-05-12T19:42:01","slug":"sport-outdoor-familie-kinder-gardasee","status":"publish","type":"page","link":"https:\/\/www.arcomountainguide.com\/de\/sport-outdoor-familie-kinder-gardasee\/","title":{"rendered":"Familie"},"content":{"rendered":"<h2>Eltern und Kinder gemeinsam im Aktivurlaub?<\/h2>\n<p>Auch als Familie mit unterschiedlichen Alters- und K\u00f6nnensstufen k\u00f6nnt ihr eine neue Sportart ausprobieren oder ein paar gemeinsame sportliche Momente erfahren. Kinder und Jugendlichen unter 19 Jahren bekommen auf alle Aktivit\u00e4ten einen Rabatt von 5 Euro.<\/p>\n<blockquote><p>An den Felsw\u00e4nden gibt es Route verschiedener Schwierigkeit. So k\u00f6nnt ihr zusammen am gleichen Ort klettern. Ihr befindet euch in der Hauptstadt des Felskletterns und die Felsw\u00e4nde sind alle problemlos in ein paar Minuten zu erreichen.<\/p><\/blockquote>\n<p>Ihr k\u00f6nnt gemeinsam an einer Canyoning-Tour teilnehmen, wenn ihr keine Angst vor Wasser habt und einen kleinen Adrenalinrausch vertragen k\u00f6nnt. Es gibt keine obligatorischen Routen nach unten. Ihr k\u00f6nnt springen und klettern und die Kinder k\u00f6nnen abgeseilt werden, wenn es zu hoch oder zu schwierig wird.<\/p>\n<blockquote><p>Oder ihr bezwingt gemeinsam einen Klettersteig, zum Beispiel den Monte Colodri, der sich als erste Klettersteig-Erfahrung f\u00fcr Kinder gut eignet. Ansonsten gibt es auch den magischen Klettersteig Rio Sallagoni am Schloss Drena mit einem Wasserfall und tibetischen Br\u00fccken.<\/p><\/blockquote>\n<p>Eine weitere gute Idee ist der Rundweg Scaloni die Ceniga (Sentiero degli Scaloni) in Dro. Dieser ist einfacher als der Rio Sallagoni, daf\u00fcr aber l\u00e4nger. Es erwartet euch ein gleichm\u00e4\u00dfiger Anstieg \u00fcber einen Klettersteig und man wandert auf einem herrlichen Pfad durch W\u00e4lder und mit vielen Aussichtspunkten.<\/p>\n<p>Wir k\u00f6nnen auch Trekking oder Schneeschuhwandern im Winter organisieren, wenn ihr Ruhe, Natur und Offenheit w\u00fcnscht. Wir pr\u00e4sentieren euch Panoramaaussichten auf See und Berge, die euch nicht entt\u00e4uschen werden.<\/p>\n<p>Ihr k\u00f6nnt ein sportliches Erlebnis auch nur f\u00fcr euch und eure Familie buchen. Ich werde euch begleiten, um euch meine Heimat vorzustellen und euch vollst\u00e4ndige Sicherheit zu gew\u00e4hren, die nur ein qualifizierter Bergf\u00fchrer garantieren kann.<\/p>\n","protected":false},"excerpt":{"rendered":"<p>Eltern und Kinder gemeinsam im Aktivurlaub? Auch als Familie mit unterschiedlichen Alters- und K\u00f6nnensstufen k\u00f6nnt ihr eine neue Sportart ausprobieren oder ein paar gemeinsame sportliche Momente erfahren. Kinder und Jugendlichen unter 19 Jahren bekommen auf alle Aktivit\u00e4ten einen Rabatt von 5 Euro. An den Felsw\u00e4nden gibt es Route verschiedener Schwierigkeit. So k\u00f6nnt ihr zusammen am&hellip;<\/p>\n","protected":false},"author":1,"featured_media":1146,"parent":0,"menu_order":0,"comment_status":"closed","ping_status":"closed","template":"","meta":{"_acf_changed":false,"footnotes":""},"class_list":["post-843","page","type-page","status-publish","has-post-thumbnail","hentry"],"acf":[],"yoast_head":"<!-- This site is optimized with the Yoast SEO plugin v27.0 - https:\/\/yoast.com\/product\/yoast-seo-wordpress\/ -->\n<title>Outdoorsport am Gardasee: Kurse und Exkursionen f\u00fcr Familien<\/title>\n<meta name=\"description\" content=\"Ich organisiere Kurse und Exkursionen f\u00fcr dich und deine Familie am Gardasee. Auch wenn ihr ein unterschiedliches Alter und verschiedene F\u00e4higkeiten habt, k\u00f6nnt ihr zusammen Sport treiben. Ich begleite euch, um euch vollst\u00e4ndige Sicherheit zu gew\u00e4hren, die nur ein qualifizierter Bergf\u00fchrer sicherstellen kann.\" \/>\n<meta name=\"robots\" content=\"index, follow, max-snippet:-1, max-image-preview:large, max-video-preview:-1\" \/>\n<link rel=\"canonical\" href=\"https:\/\/www.arcomountainguide.com\/de\/sport-outdoor-familie-kinder-gardasee\/\" \/>\n<meta property=\"og:locale\" content=\"de_DE\" \/>\n<meta property=\"og:type\" content=\"article\" \/>\n<meta property=\"og:title\" content=\"Outdoorsport am Gardasee: Kurse und Exkursionen f\u00fcr Familien\" \/>\n<meta property=\"og:description\" content=\"Ich organisiere Kurse und Exkursionen f\u00fcr dich und deine Familie am Gardasee. Auch wenn ihr ein unterschiedliches Alter und verschiedene F\u00e4higkeiten habt, k\u00f6nnt ihr zusammen Sport treiben. Ich begleite euch, um euch vollst\u00e4ndige Sicherheit zu gew\u00e4hren, die nur ein qualifizierter Bergf\u00fchrer sicherstellen kann.\" \/>\n<meta property=\"og:url\" content=\"https:\/\/www.arcomountainguide.com\/de\/sport-outdoor-familie-kinder-gardasee\/\" \/>\n<meta property=\"og:site_name\" content=\"Arco Mountain Guide\" \/>\n<meta property=\"article:publisher\" content=\"https:\/\/www.facebook.com\/arcomountainguide\/\" \/>\n<meta property=\"article:modified_time\" content=\"2019-05-12T19:42:01+00:00\" \/>\n<meta property=\"og:image\" content=\"https:\/\/www.arcomountainguide.com\/wp-content\/uploads\/2018\/03\/sport-outdoor-famiglia-bambini-lago-garda.jpg\" \/>\n\t<meta property=\"og:image:width\" content=\"1600\" \/>\n\t<meta property=\"og:image:height\" content=\"650\" \/>\n\t<meta property=\"og:image:type\" content=\"image\/jpeg\" \/>\n<meta name=\"twitter:card\" content=\"summary_large_image\" \/>\n<meta name=\"twitter:label1\" content=\"Gesch\u00e4tzte Lesezeit\" \/>\n\t<meta name=\"twitter:data1\" content=\"1\u00a0Minute\" \/>\n<script type=\"application\/ld+json\" class=\"yoast-schema-graph\">{\"@context\":\"https:\/\/schema.org\",\"@graph\":[{\"@type\":\"WebPage\",\"@id\":\"https:\/\/www.arcomountainguide.com\/de\/sport-outdoor-familie-kinder-gardasee\/\",\"url\":\"https:\/\/www.arcomountainguide.com\/de\/sport-outdoor-familie-kinder-gardasee\/\",\"name\":\"Outdoorsport am Gardasee: Kurse und Exkursionen f\u00fcr Familien\",\"isPartOf\":{\"@id\":\"https:\/\/www.arcomountainguide.com\/de\/#website\"},\"primaryImageOfPage\":{\"@id\":\"https:\/\/www.arcomountainguide.com\/de\/sport-outdoor-familie-kinder-gardasee\/#primaryimage\"},\"image\":{\"@id\":\"https:\/\/www.arcomountainguide.com\/de\/sport-outdoor-familie-kinder-gardasee\/#primaryimage\"},\"thumbnailUrl\":\"https:\/\/www.arcomountainguide.com\/wp-content\/uploads\/2018\/03\/sport-outdoor-famiglia-bambini-lago-garda.jpg\",\"datePublished\":\"2018-01-04T21:56:46+00:00\",\"dateModified\":\"2019-05-12T19:42:01+00:00\",\"description\":\"Ich organisiere Kurse und Exkursionen f\u00fcr dich und deine Familie am Gardasee. Auch wenn ihr ein unterschiedliches Alter und verschiedene F\u00e4higkeiten habt, k\u00f6nnt ihr zusammen Sport treiben. Ich begleite euch, um euch vollst\u00e4ndige Sicherheit zu gew\u00e4hren, die nur ein qualifizierter Bergf\u00fchrer sicherstellen kann.\",\"breadcrumb\":{\"@id\":\"https:\/\/www.arcomountainguide.com\/de\/sport-outdoor-familie-kinder-gardasee\/#breadcrumb\"},\"inLanguage\":\"de\",\"potentialAction\":[{\"@type\":\"ReadAction\",\"target\":[\"https:\/\/www.arcomountainguide.com\/de\/sport-outdoor-familie-kinder-gardasee\/\"]}]},{\"@type\":\"ImageObject\",\"inLanguage\":\"de\",\"@id\":\"https:\/\/www.arcomountainguide.com\/de\/sport-outdoor-familie-kinder-gardasee\/#primaryimage\",\"url\":\"https:\/\/www.arcomountainguide.com\/wp-content\/uploads\/2018\/03\/sport-outdoor-famiglia-bambini-lago-garda.jpg\",\"contentUrl\":\"https:\/\/www.arcomountainguide.com\/wp-content\/uploads\/2018\/03\/sport-outdoor-famiglia-bambini-lago-garda.jpg\",\"width\":1600,\"height\":650,\"caption\":\"Sport Outdoor Famiglia bambini lago di Garda\"},{\"@type\":\"BreadcrumbList\",\"@id\":\"https:\/\/www.arcomountainguide.com\/de\/sport-outdoor-familie-kinder-gardasee\/#breadcrumb\",\"itemListElement\":[{\"@type\":\"ListItem\",\"position\":1,\"name\":\"Home\",\"item\":\"https:\/\/www.arcomountainguide.com\/de\/\"},{\"@type\":\"ListItem\",\"position\":2,\"name\":\"Familie\"}]},{\"@type\":\"WebSite\",\"@id\":\"https:\/\/www.arcomountainguide.com\/de\/#website\",\"url\":\"https:\/\/www.arcomountainguide.com\/de\/\",\"name\":\"Arco Mountain Guide\",\"description\":\"Guida alpina Lago di Garda\",\"potentialAction\":[{\"@type\":\"SearchAction\",\"target\":{\"@type\":\"EntryPoint\",\"urlTemplate\":\"https:\/\/www.arcomountainguide.com\/de\/?s={search_term_string}\"},\"query-input\":{\"@type\":\"PropertyValueSpecification\",\"valueRequired\":true,\"valueName\":\"search_term_string\"}}],\"inLanguage\":\"de\"}]}<\/script>\n<!-- \/ Yoast SEO plugin. -->","yoast_head_json":{"title":"Outdoorsport am Gardasee: Kurse und Exkursionen f\u00fcr Familien","description":"Ich organisiere Kurse und Exkursionen f\u00fcr dich und deine Familie am Gardasee. Auch wenn ihr ein unterschiedliches Alter und verschiedene F\u00e4higkeiten habt, k\u00f6nnt ihr zusammen Sport treiben. Ich begleite euch, um euch vollst\u00e4ndige Sicherheit zu gew\u00e4hren, die nur ein qualifizierter Bergf\u00fchrer sicherstellen kann.","robots":{"index":"index","follow":"follow","max-snippet":"max-snippet:-1","max-image-preview":"max-image-preview:large","max-video-preview":"max-video-preview:-1"},"canonical":"https:\/\/www.arcomountainguide.com\/de\/sport-outdoor-familie-kinder-gardasee\/","og_locale":"de_DE","og_type":"article","og_title":"Outdoorsport am Gardasee: Kurse und Exkursionen f\u00fcr Familien","og_description":"Ich organisiere Kurse und Exkursionen f\u00fcr dich und deine Familie am Gardasee. Auch wenn ihr ein unterschiedliches Alter und verschiedene F\u00e4higkeiten habt, k\u00f6nnt ihr zusammen Sport treiben. Ich begleite euch, um euch vollst\u00e4ndige Sicherheit zu gew\u00e4hren, die nur ein qualifizierter Bergf\u00fchrer sicherstellen kann.","og_url":"https:\/\/www.arcomountainguide.com\/de\/sport-outdoor-familie-kinder-gardasee\/","og_site_name":"Arco Mountain Guide","article_publisher":"https:\/\/www.facebook.com\/arcomountainguide\/","article_modified_time":"2019-05-12T19:42:01+00:00","og_image":[{"width":1600,"height":650,"url":"https:\/\/www.arcomountainguide.com\/wp-content\/uploads\/2018\/03\/sport-outdoor-famiglia-bambini-lago-garda.jpg","type":"image\/jpeg"}],"twitter_card":"summary_large_image","twitter_misc":{"Gesch\u00e4tzte Lesezeit":"1\u00a0Minute"},"schema":{"@context":"https:\/\/schema.org","@graph":[{"@type":"WebPage","@id":"https:\/\/www.arcomountainguide.com\/de\/sport-outdoor-familie-kinder-gardasee\/","url":"https:\/\/www.arcomountainguide.com\/de\/sport-outdoor-familie-kinder-gardasee\/","name":"Outdoorsport am Gardasee: Kurse und Exkursionen f\u00fcr Familien","isPartOf":{"@id":"https:\/\/www.arcomountainguide.com\/de\/#website"},"primaryImageOfPage":{"@id":"https:\/\/www.arcomountainguide.com\/de\/sport-outdoor-familie-kinder-gardasee\/#primaryimage"},"image":{"@id":"https:\/\/www.arcomountainguide.com\/de\/sport-outdoor-familie-kinder-gardasee\/#primaryimage"},"thumbnailUrl":"https:\/\/www.arcomountainguide.com\/wp-content\/uploads\/2018\/03\/sport-outdoor-famiglia-bambini-lago-garda.jpg","datePublished":"2018-01-04T21:56:46+00:00","dateModified":"2019-05-12T19:42:01+00:00","description":"Ich organisiere Kurse und Exkursionen f\u00fcr dich und deine Familie am Gardasee. Auch wenn ihr ein unterschiedliches Alter und verschiedene F\u00e4higkeiten habt, k\u00f6nnt ihr zusammen Sport treiben. Ich begleite euch, um euch vollst\u00e4ndige Sicherheit zu gew\u00e4hren, die nur ein qualifizierter Bergf\u00fchrer sicherstellen kann.","breadcrumb":{"@id":"https:\/\/www.arcomountainguide.com\/de\/sport-outdoor-familie-kinder-gardasee\/#breadcrumb"},"inLanguage":"de","potentialAction":[{"@type":"ReadAction","target":["https:\/\/www.arcomountainguide.com\/de\/sport-outdoor-familie-kinder-gardasee\/"]}]},{"@type":"ImageObject","inLanguage":"de","@id":"https:\/\/www.arcomountainguide.com\/de\/sport-outdoor-familie-kinder-gardasee\/#primaryimage","url":"https:\/\/www.arcomountainguide.com\/wp-content\/uploads\/2018\/03\/sport-outdoor-famiglia-bambini-lago-garda.jpg","contentUrl":"https:\/\/www.arcomountainguide.com\/wp-content\/uploads\/2018\/03\/sport-outdoor-famiglia-bambini-lago-garda.jpg","width":1600,"height":650,"caption":"Sport Outdoor Famiglia bambini lago di Garda"},{"@type":"BreadcrumbList","@id":"https:\/\/www.arcomountainguide.com\/de\/sport-outdoor-familie-kinder-gardasee\/#breadcrumb","itemListElement":[{"@type":"ListItem","position":1,"name":"Home","item":"https:\/\/www.arcomountainguide.com\/de\/"},{"@type":"ListItem","position":2,"name":"Familie"}]},{"@type":"WebSite","@id":"https:\/\/www.arcomountainguide.com\/de\/#website","url":"https:\/\/www.arcomountainguide.com\/de\/","name":"Arco Mountain Guide","description":"Guida alpina Lago di Garda","potentialAction":[{"@type":"SearchAction","target":{"@type":"EntryPoint","urlTemplate":"https:\/\/www.arcomountainguide.com\/de\/?s={search_term_string}"},"query-input":{"@type":"PropertyValueSpecification","valueRequired":true,"valueName":"search_term_string"}}],"inLanguage":"de"}]}},"_links":{"self":[{"href":"https:\/\/www.arcomountainguide.com\/de\/wp-json\/wp\/v2\/pages\/843","targetHints":{"allow":["GET"]}}],"collection":[{"href":"https:\/\/www.arcomountainguide.com\/de\/wp-json\/wp\/v2\/pages"}],"about":[{"href":"https:\/\/www.arcomountainguide.com\/de\/wp-json\/wp\/v2\/types\/page"}],"author":[{"embeddable":true,"href":"https:\/\/www.arcomountainguide.com\/de\/wp-json\/wp\/v2\/users\/1"}],"replies":[{"embeddable":true,"href":"https:\/\/www.arcomountainguide.com\/de\/wp-json\/wp\/v2\/comments?post=843"}],"version-history":[{"count":10,"href":"https:\/\/www.arcomountainguide.com\/de\/wp-json\/wp\/v2\/pages\/843\/revisions"}],"predecessor-version":[{"id":2601,"href":"https:\/\/www.arcomountainguide.com\/de\/wp-json\/wp\/v2\/pages\/843\/revisions\/2601"}],"wp:featuredmedia":[{"embeddable":true,"href":"https:\/\/www.arcomountainguide.com\/de\/wp-json\/wp\/v2\/media\/1146"}],"wp:attachment":[{"href":"https:\/\/www.arcomountainguide.com\/de\/wp-json\/wp\/v2\/media?parent=843"}],"curies":[{"name":"wp","href":"https:\/\/api.w.org\/{rel}","templated":true}]}}